{"id":699,"date":"2024-07-15T12:13:24","date_gmt":"2024-07-15T10:13:24","guid":{"rendered":"https:\/\/sotalents.com\/location\/"},"modified":"2024-11-26T12:20:19","modified_gmt":"2024-11-26T11:20:19","slug":"location","status":"publish","type":"page","link":"https:\/\/sotalents.com\/fr\/location\/","title":{"rendered":"LOCATION"},"content":{"rendered":"\n[et_pb_section fb_built=\u00a0\u00bb1&Prime; _builder_version=\u00a0\u00bb4.26.1&Prime; _module_preset=\u00a0\u00bbdefault\u00a0\u00bb global_colors_info=\u00a0\u00bb{}\u00a0\u00bb][et_pb_row _builder_version=\u00a0\u00bb4.26.1&Prime; _module_preset=\u00a0\u00bbdefault\u00a0\u00bb global_colors_info=\u00a0\u00bb{}\u00a0\u00bb][et_pb_column type=\u00a0\u00bb4_4&Prime; _builder_version=\u00a0\u00bb4.26.1&Prime; _module_preset=\u00a0\u00bbdefault\u00a0\u00bb global_colors_info=\u00a0\u00bb{}\u00a0\u00bb][et_pb_image _builder_version=\u00a0\u00bb4.26.1&Prime; _module_preset=\u00a0\u00bbdefault\u00a0\u00bb global_colors_info=\u00a0\u00bb{}\u00a0\u00bb][\/et_pb_image][\/et_pb_column][\/et_pb_row][et_pb_row _builder_version=\u00a0\u00bb4.27.0&Prime; _module_preset=\u00a0\u00bbdefault\u00a0\u00bb][et_pb_column _builder_version=\u00a0\u00bb4.27.0&Prime; _module_preset=\u00a0\u00bbdefault\u00a0\u00bb type=\u00a0\u00bb4_4&Prime;][et_pb_text _builder_version=\u00a0\u00bb4.27.0&Prime; _module_preset=\u00a0\u00bbdefault\u00a0\u00bb hover_enabled=\u00a0\u00bb0&Prime; sticky_enabled=\u00a0\u00bb0&Prime;]<p><span><strong>Vous cherchez l\u2019endroit id\u00e9al pour am\u00e9liorer vos productions ?<\/strong> Nous explorons et trouvons des lieux uniques, adapt\u00e9s \u00e0 chaque projet. Avec notre stock de sets, nous transformons vos id\u00e9es en r\u00e9alit\u00e9 visuelle. Que vous ayez besoin d\u2019un d\u00e9cor \u00e9pur\u00e9, d\u2019un paysage naturel ou d\u2019une plage d\u00e9serte, nous avons d\u00e9j\u00e0 le cadre parfait. Gagnez du temps, trouvez l\u2019inspiration.<\/span><\/p>[\/et_pb_text][\/et_pb_column][\/et_pb_row][\/et_pb_section][et_pb_section fb_built=\u00a0\u00bb1&Prime; specialty=\u00a0\u00bbon\u00a0\u00bb _builder_version=\u00a0\u00bb4.27.0&Prime; _module_preset=\u00a0\u00bbdefault\u00a0\u00bb global_colors_info=\u00a0\u00bb{}\u00a0\u00bb][et_pb_column type=\u00a0\u00bb2_3&Prime; specialty_columns=\u00a0\u00bb2&Prime; _builder_version=\u00a0\u00bb4.16&Prime; custom_padding=\u00a0\u00bb|||\u00a0\u00bb global_colors_info=\u00a0\u00bb{}\u00a0\u00bb custom_padding__hover=\u00a0\u00bb|||\u00a0\u00bb][et_pb_row_inner column_structure=\u00a0\u00bb1_2,1_2&Prime; _builder_version=\u00a0\u00bb4.27.0&Prime; _module_preset=\u00a0\u00bbdefault\u00a0\u00bb global_colors_info=\u00a0\u00bb{}\u00a0\u00bb][et_pb_column_inner type=\u00a0\u00bb1_2&Prime; saved_specialty_column_type=\u00a0\u00bb2_3&Prime; _builder_version=\u00a0\u00bb4.27.0&Prime; _module_preset=\u00a0\u00bbdefault\u00a0\u00bb global_colors_info=\u00a0\u00bb{}\u00a0\u00bb][et_pb_image src=\u00a0\u00bbhttps:\/\/sotalents.com\/wp-content\/uploads\/2024\/08\/IMG_3523-Copie-scaled.jpeg\u00a0\u00bb title_text=\u00a0\u00bbIMG_3523 &#8211; Copie\u00a0\u00bb _builder_version=\u00a0\u00bb4.27.0&Prime; _module_preset=\u00a0\u00bbdefault\u00a0\u00bb custom_margin=\u00a0\u00bb|-126px||||\u00a0\u00bb global_colors_info=\u00a0\u00bb{}\u00a0\u00bb][\/et_pb_image][\/et_pb_column_inner][et_pb_column_inner type=\u00a0\u00bb1_2&Prime; saved_specialty_column_type=\u00a0\u00bb2_3&Prime; _builder_version=\u00a0\u00bb4.27.0&Prime; _module_preset=\u00a0\u00bbdefault\u00a0\u00bb global_colors_info=\u00a0\u00bb{}\u00a0\u00bb][\/et_pb_column_inner][\/et_pb_row_inner][\/et_pb_column][et_pb_column type=\u00a0\u00bb1_3&Prime; _builder_version=\u00a0\u00bb4.16&Prime; custom_padding=\u00a0\u00bb|||\u00a0\u00bb global_colors_info=\u00a0\u00bb{}\u00a0\u00bb custom_padding__hover=\u00a0\u00bb|||\u00a0\u00bb][et_pb_image src=\u00a0\u00bbhttps:\/\/sotalents.com\/wp-content\/uploads\/2024\/08\/IMG_7537-Copie-scaled.jpeg\u00a0\u00bb title_text=\u00a0\u00bbIMG_7537 &#8211; Copie\u00a0\u00bb _builder_version=\u00a0\u00bb4.27.0&Prime; _module_preset=\u00a0\u00bbdefault\u00a0\u00bb width=\u00a0\u00bb128.5%\u00a0\u00bb custom_margin=\u00a0\u00bb|-83px||||\u00a0\u00bb custom_padding=\u00a0\u00bb|||3px||\u00a0\u00bb global_colors_info=\u00a0\u00bb{}\u00a0\u00bb][\/et_pb_image][\/et_pb_column][\/et_pb_section][et_pb_section fb_built=\u00a0\u00bb1&Prime; specialty=\u00a0\u00bbon\u00a0\u00bb _builder_version=\u00a0\u00bb4.27.0&Prime; _module_preset=\u00a0\u00bbdefault\u00a0\u00bb global_colors_info=\u00a0\u00bb{}\u00a0\u00bb][et_pb_column type=\u00a0\u00bb1_2&Prime; specialty_columns=\u00a0\u00bb2&Prime; _builder_version=\u00a0\u00bb4.16&Prime; custom_padding=\u00a0\u00bb|||\u00a0\u00bb global_colors_info=\u00a0\u00bb{}\u00a0\u00bb custom_padding__hover=\u00a0\u00bb|||\u00a0\u00bb][et_pb_row_inner column_structure=\u00a0\u00bb1_3,1_3,1_3&Prime; _builder_version=\u00a0\u00bb4.27.0&Prime; _module_preset=\u00a0\u00bbdefault\u00a0\u00bb global_colors_info=\u00a0\u00bb{}\u00a0\u00bb custom_margin=\u00a0\u00bb-205px|||||\u00a0\u00bb][et_pb_column_inner type=\u00a0\u00bb1_3&Prime; saved_specialty_column_type=\u00a0\u00bb1_2&Prime; _builder_version=\u00a0\u00bb4.27.0&Prime; _module_preset=\u00a0\u00bbdefault\u00a0\u00bb global_colors_info=\u00a0\u00bb{}\u00a0\u00bb][et_pb_image src=\u00a0\u00bbhttps:\/\/sotalents.com\/wp-content\/uploads\/2024\/07\/image00027-Copie-scaled.jpeg\u00a0\u00bb title_text=\u00a0\u00bbimage00027 &#8211; Copie\u00a0\u00bb _builder_version=\u00a0\u00bb4.27.0&Prime; _module_preset=\u00a0\u00bbdefault\u00a0\u00bb custom_margin=\u00a0\u00bb|-261px||||\u00a0\u00bb global_colors_info=\u00a0\u00bb{}\u00a0\u00bb][\/et_pb_image][\/et_pb_column_inner][et_pb_column_inner type=\u00a0\u00bb1_3&Prime; saved_specialty_column_type=\u00a0\u00bb1_2&Prime; _builder_version=\u00a0\u00bb4.27.0&Prime; _module_preset=\u00a0\u00bbdefault\u00a0\u00bb global_colors_info=\u00a0\u00bb{}\u00a0\u00bb][\/et_pb_column_inner][et_pb_column_inner type=\u00a0\u00bb1_3&Prime; _builder_version=\u00a0\u00bb4.27.0&Prime; _module_preset=\u00a0\u00bbdefault\u00a0\u00bb global_colors_info=\u00a0\u00bb{}\u00a0\u00bb][\/et_pb_column_inner][\/et_pb_row_inner][et_pb_row_inner _builder_version=\u00a0\u00bb4.27.0&Prime; _module_preset=\u00a0\u00bbdefault\u00a0\u00bb global_colors_info=\u00a0\u00bb{}\u00a0\u00bb][et_pb_column_inner saved_specialty_column_type=\u00a0\u00bb1_2&Prime; _builder_version=\u00a0\u00bb4.27.0&Prime; _module_preset=\u00a0\u00bbdefault\u00a0\u00bb global_colors_info=\u00a0\u00bb{}\u00a0\u00bb][et_pb_image src=\u00a0\u00bbhttps:\/\/sotalents.com\/wp-content\/uploads\/2024\/08\/etang-blanc-hors-saison-seignosse-seignossetourisme-Copie.jpg\u00a0\u00bb title_text=\u00a0\u00bbetang-blanc-hors-saison-seignosse-seignossetourisme &#8211; Copie\u00a0\u00bb _builder_version=\u00a0\u00bb4.27.0&Prime; _module_preset=\u00a0\u00bbdefault\u00a0\u00bb global_colors_info=\u00a0\u00bb{}\u00a0\u00bb][\/et_pb_image][\/et_pb_column_inner][\/et_pb_row_inner][\/et_pb_column][et_pb_column type=\u00a0\u00bb1_2&Prime; _builder_version=\u00a0\u00bb4.16&Prime; custom_padding=\u00a0\u00bb|||\u00a0\u00bb global_colors_info=\u00a0\u00bb{}\u00a0\u00bb custom_padding__hover=\u00a0\u00bb|||\u00a0\u00bb][et_pb_image src=\u00a0\u00bbhttps:\/\/sotalents.com\/wp-content\/uploads\/2024\/08\/image00045-Copie-scaled.jpeg\u00a0\u00bb title_text=\u00a0\u00bbimage00045 &#8211; Copie\u00a0\u00bb _builder_version=\u00a0\u00bb4.27.0&Prime; _module_preset=\u00a0\u00bbdefault\u00a0\u00bb global_colors_info=\u00a0\u00bb{}\u00a0\u00bb][\/et_pb_image][et_pb_image src=\u00a0\u00bbhttps:\/\/sotalents.com\/wp-content\/uploads\/2024\/08\/Capture-decran-2021-07-21-a-11.27.44-Copie.png\u00a0\u00bb title_text=\u00a0\u00bbCapture d\u2019\u00e9cran 2021-07-21 \u00e0 11.27.44 &#8211; Copie\u00a0\u00bb _builder_version=\u00a0\u00bb4.27.0&Prime; _module_preset=\u00a0\u00bbdefault\u00a0\u00bb width=\u00a0\u00bb100%\u00a0\u00bb custom_margin=\u00a0\u00bb|||71px||\u00a0\u00bb custom_padding=\u00a0\u00bb|0px|26px|||\u00a0\u00bb global_colors_info=\u00a0\u00bb{}\u00a0\u00bb][\/et_pb_image][\/et_pb_column][\/et_pb_section][et_pb_section fb_built=\u00a0\u00bb1&Prime; specialty=\u00a0\u00bbon\u00a0\u00bb _builder_version=\u00a0\u00bb4.27.0&Prime; _module_preset=\u00a0\u00bbdefault\u00a0\u00bb global_colors_info=\u00a0\u00bb{}\u00a0\u00bb][et_pb_column type=\u00a0\u00bb1_3&Prime; _builder_version=\u00a0\u00bb4.16&Prime; custom_padding=\u00a0\u00bb|||\u00a0\u00bb global_colors_info=\u00a0\u00bb{}\u00a0\u00bb custom_padding__hover=\u00a0\u00bb|||\u00a0\u00bb][et_pb_image src=\u00a0\u00bbhttps:\/\/sotalents.com\/wp-content\/uploads\/2024\/08\/IMG_4704-Copie-rotated.jpg\u00a0\u00bb title_text=\u00a0\u00bbIMG_4704 &#8211; Copie\u00a0\u00bb _builder_version=\u00a0\u00bb4.27.0&Prime; _module_preset=\u00a0\u00bbdefault\u00a0\u00bb global_colors_info=\u00a0\u00bb{}\u00a0\u00bb][\/et_pb_image][\/et_pb_column][et_pb_column type=\u00a0\u00bb2_3&Prime; specialty_columns=\u00a0\u00bb2&Prime; _builder_version=\u00a0\u00bb4.16&Prime; custom_padding=\u00a0\u00bb|||\u00a0\u00bb global_colors_info=\u00a0\u00bb{}\u00a0\u00bb custom_padding__hover=\u00a0\u00bb|||\u00a0\u00bb][et_pb_row_inner _builder_version=\u00a0\u00bb4.27.0&Prime; _module_preset=\u00a0\u00bbdefault\u00a0\u00bb global_colors_info=\u00a0\u00bb{}\u00a0\u00bb][et_pb_column_inner saved_specialty_column_type=\u00a0\u00bb2_3&Prime; _builder_version=\u00a0\u00bb4.27.0&Prime; _module_preset=\u00a0\u00bbdefault\u00a0\u00bb global_colors_info=\u00a0\u00bb{}\u00a0\u00bb][et_pb_image src=\u00a0\u00bbhttps:\/\/sotalents.com\/wp-content\/uploads\/2024\/08\/6939a1e6-48a5-4d8b-a838-450542e4ab44-Copie.jpg\u00a0\u00bb title_text=\u00a0\u00bb6939a1e6-48a5-4d8b-a838-450542e4ab44 &#8211; Copie\u00a0\u00bb _builder_version=\u00a0\u00bb4.27.0&Prime; _module_preset=\u00a0\u00bbdefault\u00a0\u00bb global_colors_info=\u00a0\u00bb{}\u00a0\u00bb][\/et_pb_image][\/et_pb_column_inner][\/et_pb_row_inner][\/et_pb_column][\/et_pb_section]\n","protected":false},"excerpt":{"rendered":"<p>Vous cherchez l\u2019endroit id\u00e9al pour am\u00e9liorer vos productions ? Nous explorons et trouvons des lieux uniques, adapt\u00e9s \u00e0 chaque projet. Avec notre stock de sets, nous transformons vos id\u00e9es en r\u00e9alit\u00e9 visuelle. Que vous ayez besoin d\u2019un d\u00e9cor \u00e9pur\u00e9, d\u2019un paysage naturel ou d\u2019une plage d\u00e9serte, nous avons d\u00e9j\u00e0 le cadre parfait. Gagnez du temps, [&hellip;]<\/p>\n","protected":false},"author":1,"featured_media":0,"parent":0,"menu_order":0,"comment_status":"closed","ping_status":"closed","template":"","meta":{"_et_pb_use_builder":"on","_et_pb_old_content":"","_et_gb_content_width":"","footnotes":""},"class_list":["post-699","page","type-page","status-publish","hentry"],"yoast_head":"<!-- This site is optimized with the Yoast SEO plugin v27.5 - https:\/\/yoast.com\/product\/yoast-seo-wordpress\/ -->\n<title>Lieux et D\u00e9cors en Stock - SO Talents, Production Photo &amp; Vid\u00e9o<\/title>\n<meta name=\"description\" content=\"Explorez notre large s\u00e9lection de lieux et d\u00e9cors en stock chez SO Talents. Trouvez l\u2019emplacement id\u00e9al pour vos projets de production photo et vid\u00e9o.\" \/>\n<meta name=\"robots\" content=\"index, follow, max-snippet:-1, max-image-preview:large, max-video-preview:-1\" \/>\n<link rel=\"canonical\" href=\"https:\/\/sotalents.com\/fr\/location\/\" \/>\n<meta property=\"og:locale\" content=\"fr_FR\" \/>\n<meta property=\"og:type\" content=\"article\" \/>\n<meta property=\"og:title\" content=\"Lieux et D\u00e9cors en Stock - SO Talents, Production Photo &amp; Vid\u00e9o\" \/>\n<meta property=\"og:description\" content=\"Explorez notre large s\u00e9lection de lieux et d\u00e9cors en stock chez SO Talents. Trouvez l\u2019emplacement id\u00e9al pour vos projets de production photo et vid\u00e9o.\" \/>\n<meta property=\"og:url\" content=\"https:\/\/sotalents.com\/fr\/location\/\" \/>\n<meta property=\"og:site_name\" content=\"SO Talents\" \/>\n<meta property=\"article:modified_time\" content=\"2024-11-26T11:20:19+00:00\" \/>\n<meta name=\"twitter:card\" content=\"summary_large_image\" \/>\n<meta name=\"twitter:label1\" content=\"Dur\u00e9e de lecture estim\u00e9e\" \/>\n\t<meta name=\"twitter:data1\" content=\"4 minutes\" \/>\n<script type=\"application\/ld+json\" class=\"yoast-schema-graph\">{\"@context\":\"https:\\\/\\\/schema.org\",\"@graph\":[{\"@type\":\"WebPage\",\"@id\":\"https:\\\/\\\/sotalents.com\\\/fr\\\/location\\\/\",\"url\":\"https:\\\/\\\/sotalents.com\\\/fr\\\/location\\\/\",\"name\":\"Lieux et D\u00e9cors en Stock - SO Talents, Production Photo & Vid\u00e9o\",\"isPartOf\":{\"@id\":\"https:\\\/\\\/sotalents.com\\\/fr\\\/#website\"},\"datePublished\":\"2024-07-15T10:13:24+00:00\",\"dateModified\":\"2024-11-26T11:20:19+00:00\",\"description\":\"Explorez notre large s\u00e9lection de lieux et d\u00e9cors en stock chez SO Talents. Trouvez l\u2019emplacement id\u00e9al pour vos projets de production photo et vid\u00e9o.\",\"breadcrumb\":{\"@id\":\"https:\\\/\\\/sotalents.com\\\/fr\\\/location\\\/#breadcrumb\"},\"inLanguage\":\"fr-FR\",\"potentialAction\":[{\"@type\":\"ReadAction\",\"target\":[\"https:\\\/\\\/sotalents.com\\\/fr\\\/location\\\/\"]}]},{\"@type\":\"BreadcrumbList\",\"@id\":\"https:\\\/\\\/sotalents.com\\\/fr\\\/location\\\/#breadcrumb\",\"itemListElement\":[{\"@type\":\"ListItem\",\"position\":1,\"name\":\"Accueil\",\"item\":\"https:\\\/\\\/sotalents.com\\\/fr\\\/realisations\\\/\"},{\"@type\":\"ListItem\",\"position\":2,\"name\":\"LOCATION\"}]},{\"@type\":\"WebSite\",\"@id\":\"https:\\\/\\\/sotalents.com\\\/fr\\\/#website\",\"url\":\"https:\\\/\\\/sotalents.com\\\/fr\\\/\",\"name\":\"SO Talents\",\"description\":\"Producer 360\u00b0\\\/Photo\\\/Films\\\/Events\",\"potentialAction\":[{\"@type\":\"SearchAction\",\"target\":{\"@type\":\"EntryPoint\",\"urlTemplate\":\"https:\\\/\\\/sotalents.com\\\/fr\\\/?s={search_term_string}\"},\"query-input\":{\"@type\":\"PropertyValueSpecification\",\"valueRequired\":true,\"valueName\":\"search_term_string\"}}],\"inLanguage\":\"fr-FR\"}]}<\/script>\n<!-- \/ Yoast SEO plugin. -->","yoast_head_json":{"title":"Lieux et D\u00e9cors en Stock - SO Talents, Production Photo & Vid\u00e9o","description":"Explorez notre large s\u00e9lection de lieux et d\u00e9cors en stock chez SO Talents. Trouvez l\u2019emplacement id\u00e9al pour vos projets de production photo et vid\u00e9o.","robots":{"index":"index","follow":"follow","max-snippet":"max-snippet:-1","max-image-preview":"max-image-preview:large","max-video-preview":"max-video-preview:-1"},"canonical":"https:\/\/sotalents.com\/fr\/location\/","og_locale":"fr_FR","og_type":"article","og_title":"Lieux et D\u00e9cors en Stock - SO Talents, Production Photo & Vid\u00e9o","og_description":"Explorez notre large s\u00e9lection de lieux et d\u00e9cors en stock chez SO Talents. Trouvez l\u2019emplacement id\u00e9al pour vos projets de production photo et vid\u00e9o.","og_url":"https:\/\/sotalents.com\/fr\/location\/","og_site_name":"SO Talents","article_modified_time":"2024-11-26T11:20:19+00:00","twitter_card":"summary_large_image","twitter_misc":{"Dur\u00e9e de lecture estim\u00e9e":"4 minutes"},"schema":{"@context":"https:\/\/schema.org","@graph":[{"@type":"WebPage","@id":"https:\/\/sotalents.com\/fr\/location\/","url":"https:\/\/sotalents.com\/fr\/location\/","name":"Lieux et D\u00e9cors en Stock - SO Talents, Production Photo & Vid\u00e9o","isPartOf":{"@id":"https:\/\/sotalents.com\/fr\/#website"},"datePublished":"2024-07-15T10:13:24+00:00","dateModified":"2024-11-26T11:20:19+00:00","description":"Explorez notre large s\u00e9lection de lieux et d\u00e9cors en stock chez SO Talents. Trouvez l\u2019emplacement id\u00e9al pour vos projets de production photo et vid\u00e9o.","breadcrumb":{"@id":"https:\/\/sotalents.com\/fr\/location\/#breadcrumb"},"inLanguage":"fr-FR","potentialAction":[{"@type":"ReadAction","target":["https:\/\/sotalents.com\/fr\/location\/"]}]},{"@type":"BreadcrumbList","@id":"https:\/\/sotalents.com\/fr\/location\/#breadcrumb","itemListElement":[{"@type":"ListItem","position":1,"name":"Accueil","item":"https:\/\/sotalents.com\/fr\/realisations\/"},{"@type":"ListItem","position":2,"name":"LOCATION"}]},{"@type":"WebSite","@id":"https:\/\/sotalents.com\/fr\/#website","url":"https:\/\/sotalents.com\/fr\/","name":"SO Talents","description":"Producer 360\u00b0\/Photo\/Films\/Events","potentialAction":[{"@type":"SearchAction","target":{"@type":"EntryPoint","urlTemplate":"https:\/\/sotalents.com\/fr\/?s={search_term_string}"},"query-input":{"@type":"PropertyValueSpecification","valueRequired":true,"valueName":"search_term_string"}}],"inLanguage":"fr-FR"}]}},"_links":{"self":[{"href":"https:\/\/sotalents.com\/fr\/wp-json\/wp\/v2\/pages\/699","targetHints":{"allow":["GET"]}}],"collection":[{"href":"https:\/\/sotalents.com\/fr\/wp-json\/wp\/v2\/pages"}],"about":[{"href":"https:\/\/sotalents.com\/fr\/wp-json\/wp\/v2\/types\/page"}],"author":[{"embeddable":true,"href":"https:\/\/sotalents.com\/fr\/wp-json\/wp\/v2\/users\/1"}],"replies":[{"embeddable":true,"href":"https:\/\/sotalents.com\/fr\/wp-json\/wp\/v2\/comments?post=699"}],"version-history":[{"count":1,"href":"https:\/\/sotalents.com\/fr\/wp-json\/wp\/v2\/pages\/699\/revisions"}],"predecessor-version":[{"id":700,"href":"https:\/\/sotalents.com\/fr\/wp-json\/wp\/v2\/pages\/699\/revisions\/700"}],"wp:attachment":[{"href":"https:\/\/sotalents.com\/fr\/wp-json\/wp\/v2\/media?parent=699"}],"curies":[{"name":"wp","href":"https:\/\/api.w.org\/{rel}","templated":true}]}}